{"id":32867,"date":"2020-09-28T08:09:58","date_gmt":"2020-09-28T08:09:58","guid":{"rendered":"https:\/\/direct.com.tr\/my-account-2\/"},"modified":"2024-12-17T13:48:10","modified_gmt":"2024-12-17T13:48:10","slug":"my-account-2","status":"publish","type":"page","link":"https:\/\/direct.com.tr\/en\/my-account-2\/","title":{"rendered":"My account"},"content":{"rendered":"<p>[woocommerce_my_account]<\/p>\n","protected":false},"excerpt":{"rendered":"","protected":false},"author":1,"featured_media":0,"parent":0,"menu_order":0,"comment_status":"closed","ping_status":"closed","template":"","meta":{"footnotes":""},"class_list":["post-32867","page","type-page","status-publish","hentry"],"yoast_head":"<!-- This site is optimized with the Yoast SEO plugin v26.4 - https:\/\/yoast.com\/wordpress\/plugins\/seo\/ -->\n<title>My account | Direct Nexus<\/title>\n<meta name=\"description\" content=\"Direct Nexus My account | % Daha fazlas\u0131 i\u00e7in sitemizi ziyaret edebilirsiniz\" \/>\n<meta name=\"robots\" content=\"index, follow, max-snippet:-1, max-image-preview:large, max-video-preview:-1\" \/>\n<link rel=\"canonical\" href=\"https:\/\/direct.com.tr\/my-account-2\/\" \/>\n<meta property=\"og:locale\" content=\"en_US\" \/>\n<meta property=\"og:type\" content=\"article\" \/>\n<meta property=\"og:title\" content=\"My account | Direct Nexus\" \/>\n<meta property=\"og:description\" content=\"Direct Nexus My account | % Daha fazlas\u0131 i\u00e7in sitemizi ziyaret edebilirsiniz\" \/>\n<meta property=\"og:url\" content=\"https:\/\/direct.com.tr\/my-account-2\/\" \/>\n<meta property=\"og:site_name\" content=\"Direct Nexus\" \/>\n<meta property=\"article:modified_time\" content=\"2024-12-17T13:48:10+00:00\" \/>\n<meta name=\"twitter:card\" content=\"summary_large_image\" \/>\n<script type=\"application\/ld+json\" class=\"yoast-schema-graph\">{\"@context\":\"https:\/\/schema.org\",\"@graph\":[{\"@type\":\"WebPage\",\"@id\":\"https:\/\/direct.com.tr\/my-account-2\/\",\"url\":\"https:\/\/direct.com.tr\/my-account-2\/\",\"name\":\"My account | Direct Nexus\",\"isPartOf\":{\"@id\":\"https:\/\/direct.com.tr\/#website\"},\"datePublished\":\"2020-09-28T08:09:58+00:00\",\"dateModified\":\"2024-12-17T13:48:10+00:00\",\"description\":\"Direct Nexus My account | % Daha fazlas\u0131 i\u00e7in sitemizi ziyaret edebilirsiniz\",\"breadcrumb\":{\"@id\":\"https:\/\/direct.com.tr\/my-account-2\/#breadcrumb\"},\"inLanguage\":\"en-US\",\"potentialAction\":[{\"@type\":\"ReadAction\",\"target\":[\"https:\/\/direct.com.tr\/my-account-2\/\"]}]},{\"@type\":\"BreadcrumbList\",\"@id\":\"https:\/\/direct.com.tr\/my-account-2\/#breadcrumb\",\"itemListElement\":[{\"@type\":\"ListItem\",\"position\":1,\"name\":\"Anasayfa\",\"item\":\"https:\/\/direct.com.tr\/\"},{\"@type\":\"ListItem\",\"position\":2,\"name\":\"My account\"}]},{\"@type\":\"WebSite\",\"@id\":\"https:\/\/direct.com.tr\/#website\",\"url\":\"https:\/\/direct.com.tr\/\",\"name\":\"Direct Nexus\",\"description\":\"Sa\u011fl\u0131\u011f\u0131n\u0131z Kontrol Alt\u0131nda!\",\"publisher\":{\"@id\":\"https:\/\/direct.com.tr\/#organization\"},\"potentialAction\":[{\"@type\":\"SearchAction\",\"target\":{\"@type\":\"EntryPoint\",\"urlTemplate\":\"https:\/\/direct.com.tr\/?s={search_term_string}\"},\"query-input\":{\"@type\":\"PropertyValueSpecification\",\"valueRequired\":true,\"valueName\":\"search_term_string\"}}],\"inLanguage\":\"en-US\"},{\"@type\":\"Organization\",\"@id\":\"https:\/\/direct.com.tr\/#organization\",\"name\":\"Direct Nexus\",\"url\":\"https:\/\/direct.com.tr\/\",\"logo\":{\"@type\":\"ImageObject\",\"inLanguage\":\"en-US\",\"@id\":\"https:\/\/direct.com.tr\/#\/schema\/logo\/image\/\",\"url\":\"https:\/\/direct.com.tr\/wp-content\/uploads\/2024\/09\/cropped-directlogotek.png\",\"contentUrl\":\"https:\/\/direct.com.tr\/wp-content\/uploads\/2024\/09\/cropped-directlogotek.png\",\"width\":2255,\"height\":510,\"caption\":\"Direct Nexus\"},\"image\":{\"@id\":\"https:\/\/direct.com.tr\/#\/schema\/logo\/image\/\"},\"sameAs\":[\"https:\/\/tr.linkedin.com\/company\/direct-sa\u011fl\u0131k\",\"https:\/\/www.instagram.com\/directsaglik\/\"]}]}<\/script>\n<!-- \/ Yoast SEO plugin. -->","yoast_head_json":{"title":"My account | Direct Nexus","description":"Direct Nexus My account | % Daha fazlas\u0131 i\u00e7in sitemizi ziyaret edebilirsiniz","robots":{"index":"index","follow":"follow","max-snippet":"max-snippet:-1","max-image-preview":"max-image-preview:large","max-video-preview":"max-video-preview:-1"},"canonical":"https:\/\/direct.com.tr\/my-account-2\/","og_locale":"en_US","og_type":"article","og_title":"My account | Direct Nexus","og_description":"Direct Nexus My account | % Daha fazlas\u0131 i\u00e7in sitemizi ziyaret edebilirsiniz","og_url":"https:\/\/direct.com.tr\/my-account-2\/","og_site_name":"Direct Nexus","article_modified_time":"2024-12-17T13:48:10+00:00","twitter_card":"summary_large_image","schema":{"@context":"https:\/\/schema.org","@graph":[{"@type":"WebPage","@id":"https:\/\/direct.com.tr\/my-account-2\/","url":"https:\/\/direct.com.tr\/my-account-2\/","name":"My account | Direct Nexus","isPartOf":{"@id":"https:\/\/direct.com.tr\/#website"},"datePublished":"2020-09-28T08:09:58+00:00","dateModified":"2024-12-17T13:48:10+00:00","description":"Direct Nexus My account | % Daha fazlas\u0131 i\u00e7in sitemizi ziyaret edebilirsiniz","breadcrumb":{"@id":"https:\/\/direct.com.tr\/my-account-2\/#breadcrumb"},"inLanguage":"en-US","potentialAction":[{"@type":"ReadAction","target":["https:\/\/direct.com.tr\/my-account-2\/"]}]},{"@type":"BreadcrumbList","@id":"https:\/\/direct.com.tr\/my-account-2\/#breadcrumb","itemListElement":[{"@type":"ListItem","position":1,"name":"Anasayfa","item":"https:\/\/direct.com.tr\/"},{"@type":"ListItem","position":2,"name":"My account"}]},{"@type":"WebSite","@id":"https:\/\/direct.com.tr\/#website","url":"https:\/\/direct.com.tr\/","name":"Direct Nexus","description":"Sa\u011fl\u0131\u011f\u0131n\u0131z Kontrol Alt\u0131nda!","publisher":{"@id":"https:\/\/direct.com.tr\/#organization"},"potentialAction":[{"@type":"SearchAction","target":{"@type":"EntryPoint","urlTemplate":"https:\/\/direct.com.tr\/?s={search_term_string}"},"query-input":{"@type":"PropertyValueSpecification","valueRequired":true,"valueName":"search_term_string"}}],"inLanguage":"en-US"},{"@type":"Organization","@id":"https:\/\/direct.com.tr\/#organization","name":"Direct Nexus","url":"https:\/\/direct.com.tr\/","logo":{"@type":"ImageObject","inLanguage":"en-US","@id":"https:\/\/direct.com.tr\/#\/schema\/logo\/image\/","url":"https:\/\/direct.com.tr\/wp-content\/uploads\/2024\/09\/cropped-directlogotek.png","contentUrl":"https:\/\/direct.com.tr\/wp-content\/uploads\/2024\/09\/cropped-directlogotek.png","width":2255,"height":510,"caption":"Direct Nexus"},"image":{"@id":"https:\/\/direct.com.tr\/#\/schema\/logo\/image\/"},"sameAs":["https:\/\/tr.linkedin.com\/company\/direct-sa\u011fl\u0131k","https:\/\/www.instagram.com\/directsaglik\/"]}]}},"_links":{"self":[{"href":"https:\/\/direct.com.tr\/en\/wp-json\/wp\/v2\/pages\/32867","targetHints":{"allow":["GET"]}}],"collection":[{"href":"https:\/\/direct.com.tr\/en\/wp-json\/wp\/v2\/pages"}],"about":[{"href":"https:\/\/direct.com.tr\/en\/wp-json\/wp\/v2\/types\/page"}],"author":[{"embeddable":true,"href":"https:\/\/direct.com.tr\/en\/wp-json\/wp\/v2\/users\/1"}],"replies":[{"embeddable":true,"href":"https:\/\/direct.com.tr\/en\/wp-json\/wp\/v2\/comments?post=32867"}],"version-history":[{"count":3,"href":"https:\/\/direct.com.tr\/en\/wp-json\/wp\/v2\/pages\/32867\/revisions"}],"predecessor-version":[{"id":32871,"href":"https:\/\/direct.com.tr\/en\/wp-json\/wp\/v2\/pages\/32867\/revisions\/32871"}],"wp:attachment":[{"href":"https:\/\/direct.com.tr\/en\/wp-json\/wp\/v2\/media?parent=32867"}],"curies":[{"name":"wp","href":"https:\/\/api.w.org\/{rel}","templated":true}]}}